{"id":9,"date":"2020-11-02T01:39:16","date_gmt":"2020-11-02T01:39:16","guid":{"rendered":"https:\/\/kiecza.net\/zumseeblick\/info\/"},"modified":"2020-11-10T04:24:52","modified_gmt":"2020-11-10T04:24:52","slug":"umgebung","status":"publish","type":"page","link":"https:\/\/kiecza.net\/zumseeblick\/umgebung\/","title":{"rendered":"Umgebung"},"content":{"rendered":"<div class=\"boldgrid-section\">\n<div class=\"container\">\n<div class=\"row\">\n<div class=\"col-md-12 col-xs-12 col-sm-12\">\n<p class=\"\">Hier finden Sie Anregungen, um Ihren Aufenthalt in \u00d6hningen planen zu k\u00f6nnen.<\/p>\n<ol class=\"\">\n<li><a href=\"https:\/\/kiecza.net\/zumseeblick\/oehningen\/\">\u00d6hningen<\/a> &#8211; Sehensw\u00fcrdigkeiten, historisch Wissenswertes, etc.<\/li>\n<li><a href=\"https:\/\/kiecza.net\/zumseeblick\/tagestrips\/\">Tagestrips <\/a>&#8211; Interessante Ziele f\u00fcr Tagesausfl\u00fcge.<\/li>\n<li><a href=\"https:\/\/kiecza.net\/zumseeblick\/kinder\/\">F\u00fcr Kinder<\/a> &#8211; Hier kommen die Kleinen zum Zug &#8212; Parks, Spielvergn\u00fcgen, Museen.<\/li>\n<li><a href=\"https:\/\/kiecza.net\/zumseeblick\/baeder\/\">B\u00e4der<\/a> &#8211; Entspannung pur &#8212; Thermal- und Freizeitb\u00e4der in der Region.<\/li>\n<\/ol>\n<\/div>\n<\/div>\n<\/div>\n<\/div>\n","protected":false},"excerpt":{"rendered":"<p>Hier finden Sie Anregungen, um Ihren Aufenthalt in \u00d6hningen planen zu k\u00f6nnen. \u00d6hningen &#8211; Sehensw\u00fcrdigkeiten, historisch Wissenswertes, etc. Tagestrips &#8211; Interessante Ziele f\u00fcr Tagesausfl\u00fcge. F\u00fcr Kinder &#8211; Hier kommen die Kleinen zum Zug &#8212; Parks, Spielvergn\u00fcgen, Museen. B\u00e4der &#8211; Entspannung pur &#8212; Thermal- und Freizeitb\u00e4der in der Region.<\/p>\n","protected":false},"author":1,"featured_media":0,"parent":0,"menu_order":0,"comment_status":"closed","ping_status":"closed","template":"","meta":{"bgseo_title":"","bgseo_description":"","bgseo_robots_index":"index","bgseo_robots_follow":"follow","footnotes":""},"class_list":["post-9","page","type-page","status-publish"],"_links":{"self":[{"href":"https:\/\/kiecza.net\/zumseeblick\/wp-json\/wp\/v2\/pages\/9","targetHints":{"allow":["GET"]}}],"collection":[{"href":"https:\/\/kiecza.net\/zumseeblick\/wp-json\/wp\/v2\/pages"}],"about":[{"href":"https:\/\/kiecza.net\/zumseeblick\/wp-json\/wp\/v2\/types\/page"}],"author":[{"embeddable":true,"href":"https:\/\/kiecza.net\/zumseeblick\/wp-json\/wp\/v2\/users\/1"}],"replies":[{"embeddable":true,"href":"https:\/\/kiecza.net\/zumseeblick\/wp-json\/wp\/v2\/comments?post=9"}],"version-history":[{"count":8,"href":"https:\/\/kiecza.net\/zumseeblick\/wp-json\/wp\/v2\/pages\/9\/revisions"}],"predecessor-version":[{"id":197,"href":"https:\/\/kiecza.net\/zumseeblick\/wp-json\/wp\/v2\/pages\/9\/revisions\/197"}],"wp:attachment":[{"href":"https:\/\/kiecza.net\/zumseeblick\/wp-json\/wp\/v2\/media?parent=9"}],"curies":[{"name":"wp","href":"https:\/\/api.w.org\/{rel}","templated":true}]}}