{"id":61,"date":"2020-11-02T02:03:45","date_gmt":"2020-11-02T02:03:45","guid":{"rendered":"https:\/\/kiecza.net\/zumseeblick\/?page_id=61"},"modified":"2020-11-10T04:12:16","modified_gmt":"2020-11-10T04:12:16","slug":"baeder","status":"publish","type":"page","link":"https:\/\/kiecza.net\/zumseeblick\/baeder\/","title":{"rendered":"B\u00e4der"},"content":{"rendered":"<div class=\"boldgrid-section\">\n<div class=\"container\">\n<div class=\"row\">\n<div class=\"col-md-12 col-xs-12 col-sm-12\">\n<p class=\"\">Die folgende Liste enth\u00e4lt Thermal- und Freizeitb\u00e4der, die zum Spa\u00df oder zur Entspannung bequem von uns per Auto zu erreichen sind.<\/p>\n<\/div>\n<\/div>\n<div class=\"row\" style=\"padding-bottom: 16px;\">\n<div class=\"col-md-12 col-xs-12 col-sm-12\">Die Liste ist nach zunehmender Entfernung von unserer Ferienwohnung sortiert. Klicken Sie auf das Wort Karte hinter einem Eintrag, um ihn auf der Landkarte zu sehen (Google Maps). Alle Entfernungsangaben sind Sch\u00e4tzungen.<\/div>\n<\/div>\n<div class=\"row\">\n<div class=\"col-md-12 col-xs-12 col-sm-12\">\n<ul class=\"\">\n<li><a href=\"http:\/\/www.bodensee-therme.de\/\" target=\"_blank\" rel=\"noopener noreferrer\">Bodensee-Therme \u00dcberlingen<\/a>, <em>\u00dcberlingen <\/em>ca. 35 km,&nbsp;<a href=\"http:\/\/maps.google.de\/maps?hl=de&amp;client=firefox-a&amp;ie=UTF8&amp;q=Bahnhofstr.+27+88662+ueberlingen&amp;fb=1&amp;split=1&amp;cid=0,0,9429009865330614607&amp;ll=47.771378,9.149423&amp;spn=0.013239,0.027637&amp;z=15&amp;iwloc=A\" target=\"_blank\" rel=\"noopener noreferrer\">Karte<\/a><\/li>\n<li><a href=\"http:\/\/www.bodensee-therme-konstanz.de\/\" target=\"_blank\" rel=\"noopener noreferrer\">Bodensee Therme Konstanz<\/a>,&nbsp;<em>Konstanz&nbsp;<\/em>ca. 36 km,&nbsp;<a href=\"http:\/\/maps.google.de\/maps?hl=de&amp;client=firefox-a&amp;ie=UTF8&amp;q=Wilhelm-von-Scholz-Weg+2,+78464+Konstanz&amp;fb=1&amp;split=1&amp;cid=0,0,523988066020526418&amp;ll=47.665994,9.208109&amp;spn=0.006633,0.013819&amp;z=16&amp;iwloc=A\" target=\"_blank\" rel=\"noopener noreferrer\">Karte<\/a><\/li>\n<li><a href=\"http:\/\/www.meersburg-therme.de\/\" target=\"_blank\" rel=\"noopener noreferrer\">Meersburg Therme<\/a>,&nbsp;<em>Meersburg&nbsp;<\/em>ca. 50 km,&nbsp;<a href=\"http:\/\/maps.google.de\/maps?oe=utf-8&amp;client=firefox-a&amp;ie=UTF8&amp;q=Uferpromenade+12+88709+Meersburg&amp;fb=1&amp;split=1&amp;cid=0,0,784491936777501986&amp;ll=47.692028,9.277868&amp;spn=0.00663,0.013819&amp;z=16&amp;iwloc=A\" target=\"_blank\" rel=\"noopener noreferrer\">Karte<\/a><\/li>\n<li><a href=\"http:\/\/www.solemar.de\" target=\"_blank\" rel=\"noopener noreferrer\">Bad D\u00fcrrheim<\/a>, Bad D\u00fcrrheim<em>&nbsp;<\/em>ca. 60 km,&nbsp;<a href=\"http:\/\/maps.google.de\/maps?hl=de&amp;client=firefox-a&amp;q=Huberstra%C3%9Fe+8,+78073+Bad+D%C3%BCrrheim,+Schwarzwald-Baar-Kreis,+Baden-W%C3%BCrttemberg&amp;ie=UTF8&amp;split=0&amp;cd=1&amp;geocode=FZOs3AIdGjiCAA&amp;sll=51.151786,10.415039&amp;sspn=7.307413,14.941406&amp;ll=48.022195,8.533974&amp;spn=0.0527,0.11055&amp;z=13&amp;iwloc=addr\" target=\"_blank\" rel=\"noopener noreferrer\">Karte<\/a><\/li>\n<li><a href=\"http:\/\/www.saentispark.ch\/front_content.php?idcat=1261\" target=\"_blank\" rel=\"noopener noreferrer\">S\u00e4ntispark <\/a><a class=\"navipath\" href=\"http:\/\/www.saentispark.ch\/front_content.php?idcat=1261\">B\u00e4derlandschaft<\/a>, Abtwil, Schweiz<em>&nbsp;<\/em>ca. 75 km,&nbsp;<a href=\"http:\/\/maps.google.de\/maps?f=q&amp;source=s_q&amp;hl=de&amp;q=S%C3%A4ntispark,+Wiesenbachstrasse+9,+9030+Gaiserwald,+Sankt+Gallen,+Sankt+Gallen,+Schweiz&amp;sll=48.022195,8.533974&amp;sspn=0.0527,0.11055&amp;ie=UTF8&amp;cd=1&amp;geocode=FbCO0wIdGCaOAA&amp;split=0&amp;ll=47.420045,9.316235&amp;spn=0.006664,0.013819&amp;z=16&amp;iwloc=addr\" target=\"_blank\" rel=\"noopener noreferrer\">Karte<\/a><\/li>\n<li><a href=\"http:\/\/www.schwaben-therme.de\/\" target=\"_blank\" rel=\"noopener noreferrer\">Schwabentherme<\/a>, Aulendorf<em>&nbsp;<\/em>ca. 98 km,&nbsp;<a href=\"http:\/\/maps.google.de\/maps?hl=de&amp;client=firefox-a&amp;ie=UTF8&amp;q=Ebisweiler+Str.+5,+88326+Aulendorf&amp;fb=1&amp;split=1&amp;cid=0,0,2494118656145168244&amp;ll=47.994287,9.645653&amp;spn=0.105456,0.2211&amp;z=12&amp;iwloc=A\" target=\"_blank\" rel=\"noopener noreferrer\">Karte<\/a><\/li>\n<li><a href=\"http:\/\/www.alpamare.ch\/\" target=\"_blank\" rel=\"noopener noreferrer\">Alpamare<\/a>, Pf\u00e4ffikon, SZ, Schweiz<em>&nbsp;<\/em>ca. 99 km,&nbsp;<a href=\"http:\/\/maps.google.de\/maps?hl=de&amp;client=firefox-a&amp;q=Gwattstrasse+12,+CH-8808+Pf%C3%A4ffikon&amp;lr=lang_de&amp;ie=UTF8&amp;ll=47.218169,8.791122&amp;spn=0.107033,0.2211&amp;z=12&amp;iwloc=r0\" target=\"_blank\" rel=\"noopener noreferrer\">Karte<\/a><\/li>\n<\/ul>\n<\/div>\n<\/div>\n<\/div>\n<\/div>\n","protected":false},"excerpt":{"rendered":"<p>Die folgende Liste enth\u00e4lt Thermal- und Freizeitb\u00e4der, die zum Spa\u00df oder zur Entspannung bequem von uns per Auto zu erreichen sind. Die Liste ist nach zunehmender Entfernung von unserer Ferienwohnung sortiert. Klicken Sie auf das Wort Karte hinter einem Eintrag, um ihn auf der Landkarte zu sehen (Google Maps). Alle Entfernungsangaben sind Sch\u00e4tzungen. Bodensee-Therme \u00dcberlingen, [&hellip;]<\/p>\n","protected":false},"author":1,"featured_media":0,"parent":0,"menu_order":0,"comment_status":"closed","ping_status":"closed","template":"","meta":{"bgseo_title":"","bgseo_description":"","bgseo_robots_index":"index","bgseo_robots_follow":"follow","footnotes":""},"class_list":["post-61","page","type-page","status-publish"],"_links":{"self":[{"href":"https:\/\/kiecza.net\/zumseeblick\/wp-json\/wp\/v2\/pages\/61","targetHints":{"allow":["GET"]}}],"collection":[{"href":"https:\/\/kiecza.net\/zumseeblick\/wp-json\/wp\/v2\/pages"}],"about":[{"href":"https:\/\/kiecza.net\/zumseeblick\/wp-json\/wp\/v2\/types\/page"}],"author":[{"embeddable":true,"href":"https:\/\/kiecza.net\/zumseeblick\/wp-json\/wp\/v2\/users\/1"}],"replies":[{"embeddable":true,"href":"https:\/\/kiecza.net\/zumseeblick\/wp-json\/wp\/v2\/comments?post=61"}],"version-history":[{"count":5,"href":"https:\/\/kiecza.net\/zumseeblick\/wp-json\/wp\/v2\/pages\/61\/revisions"}],"predecessor-version":[{"id":190,"href":"https:\/\/kiecza.net\/zumseeblick\/wp-json\/wp\/v2\/pages\/61\/revisions\/190"}],"wp:attachment":[{"href":"https:\/\/kiecza.net\/zumseeblick\/wp-json\/wp\/v2\/media?parent=61"}],"curies":[{"name":"wp","href":"https:\/\/api.w.org\/{rel}","templated":true}]}}