{"id":56,"date":"2020-11-02T02:03:45","date_gmt":"2020-11-02T02:03:45","guid":{"rendered":"https:\/\/kiecza.net\/zumseeblick\/?page_id=56"},"modified":"2020-11-10T04:26:24","modified_gmt":"2020-11-10T04:26:24","slug":"oehningen","status":"publish","type":"page","link":"https:\/\/kiecza.net\/zumseeblick\/oehningen\/","title":{"rendered":"\u00d6hningen"},"content":{"rendered":"<div class=\"boldgrid-section\">\n<div class=\"container\">\n<div class=\"row\">\n<div class=\"col-md-12 col-xs-12 col-sm-12\">\n<p class=\"\">Die Gemeinde \u00d6hningen unterh\u00e4lt eine eigenst\u00e4ndige Webseite unter&nbsp;<a href=\"http:\/\/www.oehningen.de\">www.oehningen.de<\/a>. Dort finden sie ein reichhaltiges Informationsangebot einschlie\u00dflich der folgenden Themen:<\/p>\n<\/div>\n<\/div>\n<div class=\"row\">\n<div class=\"col-md-12 col-xs-12 col-sm-12\">\n<ul class=\"\">\n<li>Detaillierte Beschreibung des Ortes und seiner Ortsteile Schienen und Wangen<\/li>\n<li>Sehensw\u00fcrdigkeiten und geschichtliche Hintergrundinformation<\/li>\n<li>Webcam (Webkamera)<\/li>\n<li>Aktueller Veranstaltungskalender<\/li>\n<li>Lokale Gastronomie<\/li>\n<\/ul>\n<\/div>\n<\/div>\n<\/div>\n<\/div>\n","protected":false},"excerpt":{"rendered":"<p>Die Gemeinde \u00d6hningen unterh\u00e4lt eine eigenst\u00e4ndige Webseite unter&nbsp;www.oehningen.de. Dort finden sie ein reichhaltiges Informationsangebot einschlie\u00dflich der folgenden Themen: Detaillierte Beschreibung des Ortes und seiner Ortsteile Schienen und Wangen Sehensw\u00fcrdigkeiten und geschichtliche Hintergrundinformation Webcam (Webkamera) Aktueller Veranstaltungskalender Lokale Gastronomie<\/p>\n","protected":false},"author":1,"featured_media":0,"parent":0,"menu_order":0,"comment_status":"closed","ping_status":"closed","template":"","meta":{"bgseo_title":"","bgseo_description":"","bgseo_robots_index":"index","bgseo_robots_follow":"follow","footnotes":""},"class_list":["post-56","page","type-page","status-publish"],"_links":{"self":[{"href":"https:\/\/kiecza.net\/zumseeblick\/wp-json\/wp\/v2\/pages\/56","targetHints":{"allow":["GET"]}}],"collection":[{"href":"https:\/\/kiecza.net\/zumseeblick\/wp-json\/wp\/v2\/pages"}],"about":[{"href":"https:\/\/kiecza.net\/zumseeblick\/wp-json\/wp\/v2\/types\/page"}],"author":[{"embeddable":true,"href":"https:\/\/kiecza.net\/zumseeblick\/wp-json\/wp\/v2\/users\/1"}],"replies":[{"embeddable":true,"href":"https:\/\/kiecza.net\/zumseeblick\/wp-json\/wp\/v2\/comments?post=56"}],"version-history":[{"count":4,"href":"https:\/\/kiecza.net\/zumseeblick\/wp-json\/wp\/v2\/pages\/56\/revisions"}],"predecessor-version":[{"id":180,"href":"https:\/\/kiecza.net\/zumseeblick\/wp-json\/wp\/v2\/pages\/56\/revisions\/180"}],"wp:attachment":[{"href":"https:\/\/kiecza.net\/zumseeblick\/wp-json\/wp\/v2\/media?parent=56"}],"curies":[{"name":"wp","href":"https:\/\/api.w.org\/{rel}","templated":true}]}}