{"id":54,"date":"2020-11-02T02:03:45","date_gmt":"2020-11-02T02:03:45","guid":{"rendered":"https:\/\/kiecza.net\/zumseeblick\/?page_id=54"},"modified":"2020-11-10T04:20:17","modified_gmt":"2020-11-10T04:20:17","slug":"anreise","status":"publish","type":"page","link":"https:\/\/kiecza.net\/zumseeblick\/anreise\/","title":{"rendered":"Anreise"},"content":{"rendered":"<div class=\"boldgrid-section\">\n<div class=\"container\">\n<div class=\"row\">\n<div class=\"col-md-12 col-xs-12 col-sm-12\">\n<p class=\"\">Die Webseite der Gemeinde \u00d6hningen stellt eine sehr \u00fcbersichtliche <a href=\"http:\/\/oehningen.de\/index.php?id=105\" target=\"_blank\" rel=\"noopener noreferrer\"><strong>Anfahrtsbeschreibung<\/strong>&nbsp; <\/a>nach \u00d6hningen zur Verf\u00fcgung.<\/p>\n<\/div>\n<\/div>\n<div class=\"row\">\n<div class=\"col-md-12 col-xs-12 col-sm-12\">Im Ort finden Sie uns an der&nbsp;<strong>Ecke H\u00f6ristra\u00dfe und Poststra\u00dfe<\/strong>, in der N\u00e4he der Freien Tankstelle und des LIDL Einkaufsmarkts.<\/div>\n<\/div>\n<div class=\"row\" style=\"padding-top: 10px;\">\n<div class=\"col-md-12 col-xs-12 col-sm-12\">Die folgenden <strong>\u00f6ffentlichen Verkehrsmittel<\/strong>&nbsp;stehen Ihnen in \u00d6hningen zur Verf\u00fcgung:<\/div>\n<\/div>\n<div class=\"row\">\n<div class=\"col-md-12 col-xs-12 col-sm-12\">\n<ul class=\"\">\n<li><a href=\"http:\/\/www.suedbadenbus.de\/suedbadenbus\/view\/index.shtml\" target=\"_blank\" rel=\"noopener noreferrer\">Busverbindung<\/a>&nbsp;nach Stein am Rhein, Singen, Radolfzell<\/li>\n<li>Zugbahnhof in <a href=\"http:\/\/www.sbb.ch\/\" target=\"_blank\" rel=\"noopener noreferrer\">Stein am Rhein<\/a>&nbsp;(Z\u00fcge nach Konstanz, Z\u00fcrich, Schweiz generell), <a href=\"http:\/\/www.bahn.de\" target=\"_blank\" rel=\"noopener noreferrer\">Singen<\/a>&nbsp;(Z\u00fcge nach Stuttgart, Deutschland generell), <a href=\"http:\/\/www.bahn.de\" target=\"_blank\" rel=\"noopener noreferrer\">Radolfzell <\/a>(Z\u00fcge nach Lindau)<\/li>\n<li>Bootsfahrten nach Konstanz oder Schaffhausen (<a href=\"http:\/\/www.urh.ch\/\" target=\"_blank\" rel=\"noopener noreferrer\"> Schweizerische Schifffahrtsgesellschaft Untersee und Rhein <\/a>)<\/li>\n<\/ul>\n<\/div>\n<\/div>\n<div class=\"row\">\n<div class=\"col-md-12 col-xs-12 col-sm-12\">Andere n\u00fctzliche Seiten:<\/div>\n<\/div>\n<div class=\"row\">\n<div class=\"col-md-12 col-xs-12 col-sm-12\">\n<ul class=\"\">\n<li><a href=\"http:\/\/www.vhb-info.de\/\" target=\"_blank\" rel=\"noopener noreferrer\">Verkehrsverbund Hegau-Bodensee<\/a><\/li>\n<li><a href=\"http:\/\/www.efa-bw.de\/nvbw\/XSLT_TRIP_REQUEST2?language=de\" target=\"_blank\" rel=\"noopener noreferrer\">Fahrplanauskunft des Landes Baden-W\u00fcrttemberg<\/a><\/li>\n<\/ul>\n<\/div>\n<\/div>\n<\/div>\n<\/div>\n","protected":false},"excerpt":{"rendered":"<p>Die Webseite der Gemeinde \u00d6hningen stellt eine sehr \u00fcbersichtliche Anfahrtsbeschreibung&nbsp; nach \u00d6hningen zur Verf\u00fcgung. Im Ort finden Sie uns an der&nbsp;Ecke H\u00f6ristra\u00dfe und Poststra\u00dfe, in der N\u00e4he der Freien Tankstelle und des LIDL Einkaufsmarkts. Die folgenden \u00f6ffentlichen Verkehrsmittel&nbsp;stehen Ihnen in \u00d6hningen zur Verf\u00fcgung: Busverbindung&nbsp;nach Stein am Rhein, Singen, Radolfzell Zugbahnhof in Stein am Rhein&nbsp;(Z\u00fcge nach [&hellip;]<\/p>\n","protected":false},"author":1,"featured_media":0,"parent":0,"menu_order":0,"comment_status":"closed","ping_status":"closed","template":"","meta":{"bgseo_title":"","bgseo_description":"","bgseo_robots_index":"index","bgseo_robots_follow":"follow","footnotes":""},"class_list":["post-54","page","type-page","status-publish"],"_links":{"self":[{"href":"https:\/\/kiecza.net\/zumseeblick\/wp-json\/wp\/v2\/pages\/54","targetHints":{"allow":["GET"]}}],"collection":[{"href":"https:\/\/kiecza.net\/zumseeblick\/wp-json\/wp\/v2\/pages"}],"about":[{"href":"https:\/\/kiecza.net\/zumseeblick\/wp-json\/wp\/v2\/types\/page"}],"author":[{"embeddable":true,"href":"https:\/\/kiecza.net\/zumseeblick\/wp-json\/wp\/v2\/users\/1"}],"replies":[{"embeddable":true,"href":"https:\/\/kiecza.net\/zumseeblick\/wp-json\/wp\/v2\/comments?post=54"}],"version-history":[{"count":8,"href":"https:\/\/kiecza.net\/zumseeblick\/wp-json\/wp\/v2\/pages\/54\/revisions"}],"predecessor-version":[{"id":195,"href":"https:\/\/kiecza.net\/zumseeblick\/wp-json\/wp\/v2\/pages\/54\/revisions\/195"}],"wp:attachment":[{"href":"https:\/\/kiecza.net\/zumseeblick\/wp-json\/wp\/v2\/media?parent=54"}],"curies":[{"name":"wp","href":"https:\/\/api.w.org\/{rel}","templated":true}]}}