{"id":52,"date":"2020-11-02T02:03:45","date_gmt":"2020-11-02T02:03:45","guid":{"rendered":"https:\/\/kiecza.net\/zumseeblick\/?page_id=52"},"modified":"2020-11-10T03:34:41","modified_gmt":"2020-11-10T03:34:41","slug":"dienstleistungen","status":"publish","type":"page","link":"https:\/\/kiecza.net\/zumseeblick\/dienstleistungen\/","title":{"rendered":"Dienstleistungen"},"content":{"rendered":"<div class=\"boldgrid-section\">\n<div class=\"container\">\n<div class=\"row\">\n<div class=\"col-md-12 col-xs-12 col-sm-12\">\n<p class=\"\">In \u00d6hningen und Umgebung finden Sie die folgenden Dienstleistungen:<\/p>\n<\/div>\n<\/div>\n<div class=\"row\">\n<div class=\"col-md-12 col-xs-12 col-sm-12\">\n<ul class=\"\">\n<li><strong>Lebensmittel \/ Supermarkt<\/strong>\n<ul>\n<li>LIDL (\u00d6hningen, ca. 100 m)<\/li>\n<li>Migros Lebensmittelmarkt (Stein am Rhein, Schweiz, 2 km)<\/li>\n<\/ul>\n<\/li>\n<\/ul>\n<ul class=\"\">\n<li><strong>B<span class=\"text11px\">\u00e4<\/span>ckerei \/ Metzgerei<\/strong>\n<ul>\n<li><span class=\"text11px\">H\u00f6ri B\u00e4ckerei&nbsp;<\/span>(\u00d6hningen, ca. 200 m)<\/li>\n<li><span class=\"text11px\">B\u00e4ckereien und Metzgereien&nbsp;<\/span><span class=\"text11px\">(Stein am Rhein,&nbsp;<\/span>Schweiz,&nbsp;<span class=\"text11px\">2 km)<\/span><\/li>\n<li><span class=\"text11px\">B\u00e4ckerei Engelmann (Weiler, 10 km)<br \/>\n<\/span><\/li>\n<\/ul>\n<\/li>\n<\/ul>\n<ul class=\"\">\n<li><strong>Bank<\/strong>\n<ul>\n<li>Sparkasse (\u00d6hningen, ca. 200 m, Geldautomat f\u00fcr Euro und CHF)<\/li>\n<li>Volksbank (\u00d6hningen, ca. 300 m, Geldautomat f\u00fcr Euro und CHF)<\/li>\n<\/ul>\n<\/li>\n<\/ul>\n<ul class=\"\">\n<li><strong>Drogerie \/ Apotheke<\/strong>\n<ul>\n<li>Drogerie Hottiger (<span class=\"text11px\">Stein am Rhein,<\/span>&nbsp;Schweiz,<span class=\"text11px\">&nbsp;2 km)<\/span><\/li>\n<li><span class=\"text11px\">H\u00f6ri&nbsp;<\/span><span class=\"text11px\">Apotheke (Wangen, 3 km)<\/span><\/li>\n<\/ul>\n<\/li>\n<\/ul>\n<\/div>\n<\/div>\n<div class=\"row\">\n<div class=\"col-md-12 col-xs-12 col-sm-12\"><span class=\"text11px\">Desweiteren finden Sie ein reiches Angebot an Einkaufsm\u00f6<\/span><span class=\"text11px\">glichkeiten in den&nbsp;<strong>nahegelegenen St\u00e4dten&nbsp;<\/strong>Singen (ca. 18 km), Radolfzell<\/span>&nbsp;(ca. 15 km), Schaffhausen (CH, ca. 22 km) und Konstanz (ca. 35 km).<\/div>\n<\/div>\n<\/div>\n<\/div>\n","protected":false},"excerpt":{"rendered":"<p>In \u00d6hningen und Umgebung finden Sie die folgenden Dienstleistungen: Lebensmittel \/ Supermarkt LIDL (\u00d6hningen, ca. 100 m) Migros Lebensmittelmarkt (Stein am Rhein, Schweiz, 2 km) B\u00e4ckerei \/ Metzgerei H\u00f6ri B\u00e4ckerei&nbsp;(\u00d6hningen, ca. 200 m) B\u00e4ckereien und Metzgereien&nbsp;(Stein am Rhein,&nbsp;Schweiz,&nbsp;2 km) B\u00e4ckerei Engelmann (Weiler, 10 km) Bank Sparkasse (\u00d6hningen, ca. 200 m, Geldautomat f\u00fcr Euro und CHF) [&hellip;]<\/p>\n","protected":false},"author":1,"featured_media":0,"parent":0,"menu_order":0,"comment_status":"closed","ping_status":"closed","template":"","meta":{"bgseo_title":"","bgseo_description":"","bgseo_robots_index":"index","bgseo_robots_follow":"follow","footnotes":""},"class_list":["post-52","page","type-page","status-publish"],"_links":{"self":[{"href":"https:\/\/kiecza.net\/zumseeblick\/wp-json\/wp\/v2\/pages\/52","targetHints":{"allow":["GET"]}}],"collection":[{"href":"https:\/\/kiecza.net\/zumseeblick\/wp-json\/wp\/v2\/pages"}],"about":[{"href":"https:\/\/kiecza.net\/zumseeblick\/wp-json\/wp\/v2\/types\/page"}],"author":[{"embeddable":true,"href":"https:\/\/kiecza.net\/zumseeblick\/wp-json\/wp\/v2\/users\/1"}],"replies":[{"embeddable":true,"href":"https:\/\/kiecza.net\/zumseeblick\/wp-json\/wp\/v2\/comments?post=52"}],"version-history":[{"count":3,"href":"https:\/\/kiecza.net\/zumseeblick\/wp-json\/wp\/v2\/pages\/52\/revisions"}],"predecessor-version":[{"id":159,"href":"https:\/\/kiecza.net\/zumseeblick\/wp-json\/wp\/v2\/pages\/52\/revisions\/159"}],"wp:attachment":[{"href":"https:\/\/kiecza.net\/zumseeblick\/wp-json\/wp\/v2\/media?parent=52"}],"curies":[{"name":"wp","href":"https:\/\/api.w.org\/{rel}","templated":true}]}}