{"id":51,"date":"2020-11-02T02:03:45","date_gmt":"2020-11-02T02:03:45","guid":{"rendered":"https:\/\/kiecza.net\/zumseeblick\/?page_id=51"},"modified":"2020-11-15T14:42:26","modified_gmt":"2020-11-15T14:42:26","slug":"aussenbereich","status":"publish","type":"page","link":"https:\/\/kiecza.net\/zumseeblick\/aussenbereich\/","title":{"rendered":"Au\u00dfenbereich"},"content":{"rendered":"<div class=\"boldgrid-section\">\n<div class=\"container\">\n<div class=\"row\">\n<div class=\"col-md-12 col-xs-12 col-sm-12\">\n<p class=\"\">Als Mieter unserer Ferienwohnung haben Sie Zugriff auf einen&nbsp;<strong>gro\u00dfz\u00fcgigen Au\u00dfenbereich<\/strong>, der ihnen die folgenden M\u00f6glichkeiten bietet:<\/p>\n<\/div>\n<\/div>\n<div class=\"row\">\n<div class=\"col-md-12 col-xs-12 col-sm-12\">\n<ul class=\"\">\n<li>Komplett umz\u00e4unter Hof bedeutet sicheres&nbsp;<strong>Spielvergn\u00fcgen&nbsp;<\/strong>f\u00fcr Kinder<\/li>\n<li>Grasbereich<\/li>\n<li>Tischtennisplatte<\/li>\n<li>\u00dcberdachte <strong>Sitzecke&nbsp;<\/strong>mit Grill<\/li>\n<li><strong>Parkplatz&nbsp;<\/strong>f\u00fcr ihr Auto<\/li>\n<li>Garagenplatz (abschlie\u00dfbar) f\u00fcr Ihre <strong>Fahrr\u00e4der<\/strong><\/li>\n<\/ul>\n<\/div>\n<\/div>\n<div class=\"row\">\n<div class=\"col-md-12 col-xs-12 col-sm-12\">Verschaffen Sie sich mit den folgenden Bildern einen Eindruck des Au\u00dfenbereichs. Bitte klicken sie auf ein Foto f\u00fcr eine Gro\u00dfansicht:<\/div>\n<\/div>\n<div class=\"row\">\n<div class=\"col-md-12 col-xs-12 col-sm-12\">\n<div class=\"wc-gallery\"><div id='gallery-1' data-gutter-width='5' data-columns='3' class='gallery wc-gallery-captions-onhover gallery-link-file gallery-masonry galleryid-51 gallery-columns-3 gallery-size-medium wc-gallery-bottomspace-default wc-gallery-clear'><div class='gallery-item gallery-item-position-1 gallery-item-attachment-146'>\n\t\t\t\t<div class='gallery-icon landscape'>\n\t\t\t\t\t<a href='https:\/\/kiecza.net\/zumseeblick\/wp-content\/uploads\/2020\/11\/aussenbereich1.jpg' title='Aussenbereich' target='_self'><img loading=\"lazy\" decoding=\"async\" width=\"300\" height=\"225\" src=\"https:\/\/kiecza.net\/zumseeblick\/wp-content\/uploads\/2020\/11\/aussenbereich1-300x225.jpg\" class=\"attachment-medium size-medium\" alt=\"Aussenbereich\" data-attachment-id=\"146\" srcset=\"https:\/\/kiecza.net\/zumseeblick\/wp-content\/uploads\/2020\/11\/aussenbereich1-300x225.jpg 300w, https:\/\/kiecza.net\/zumseeblick\/wp-content\/uploads\/2020\/11\/aussenbereich1-768x576.jpg 768w, https:\/\/kiecza.net\/zumseeblick\/wp-content\/uploads\/2020\/11\/aussenbereich1-250x188.jpg 250w, https:\/\/kiecza.net\/zumseeblick\/wp-content\/uploads\/2020\/11\/aussenbereich1-550x413.jpg 550w, https:\/\/kiecza.net\/zumseeblick\/wp-content\/uploads\/2020\/11\/aussenbereich1-800x600.jpg 800w, https:\/\/kiecza.net\/zumseeblick\/wp-content\/uploads\/2020\/11\/aussenbereich1-240x180.jpg 240w, https:\/\/kiecza.net\/zumseeblick\/wp-content\/uploads\/2020\/11\/aussenbereich1-400x300.jpg 400w, https:\/\/kiecza.net\/zumseeblick\/wp-content\/uploads\/2020\/11\/aussenbereich1-667x500.jpg 667w, https:\/\/kiecza.net\/zumseeblick\/wp-content\/uploads\/2020\/11\/aussenbereich1.jpg 1024w\" sizes=\"auto, (max-width: 300px) 100vw, 300px\" \/><\/a>\n\t\t\t\t<\/div><\/div><div class='gallery-item gallery-item-position-2 gallery-item-attachment-147'>\n\t\t\t\t<div class='gallery-icon landscape'>\n\t\t\t\t\t<a href='https:\/\/kiecza.net\/zumseeblick\/wp-content\/uploads\/2020\/11\/aussenbereich2.jpg' title='Aussenbereich' target='_self'><img loading=\"lazy\" decoding=\"async\" width=\"300\" height=\"225\" src=\"https:\/\/kiecza.net\/zumseeblick\/wp-content\/uploads\/2020\/11\/aussenbereich2-300x225.jpg\" class=\"attachment-medium size-medium\" alt=\"Aussenbereich\" data-attachment-id=\"147\" srcset=\"https:\/\/kiecza.net\/zumseeblick\/wp-content\/uploads\/2020\/11\/aussenbereich2-300x225.jpg 300w, https:\/\/kiecza.net\/zumseeblick\/wp-content\/uploads\/2020\/11\/aussenbereich2-768x576.jpg 768w, https:\/\/kiecza.net\/zumseeblick\/wp-content\/uploads\/2020\/11\/aussenbereich2-250x188.jpg 250w, https:\/\/kiecza.net\/zumseeblick\/wp-content\/uploads\/2020\/11\/aussenbereich2-550x413.jpg 550w, https:\/\/kiecza.net\/zumseeblick\/wp-content\/uploads\/2020\/11\/aussenbereich2-800x600.jpg 800w, https:\/\/kiecza.net\/zumseeblick\/wp-content\/uploads\/2020\/11\/aussenbereich2-240x180.jpg 240w, https:\/\/kiecza.net\/zumseeblick\/wp-content\/uploads\/2020\/11\/aussenbereich2-400x300.jpg 400w, https:\/\/kiecza.net\/zumseeblick\/wp-content\/uploads\/2020\/11\/aussenbereich2-667x500.jpg 667w, https:\/\/kiecza.net\/zumseeblick\/wp-content\/uploads\/2020\/11\/aussenbereich2.jpg 1024w\" sizes=\"auto, (max-width: 300px) 100vw, 300px\" \/><\/a>\n\t\t\t\t<\/div><\/div><div class='gallery-item gallery-item-position-3 gallery-item-attachment-148'>\n\t\t\t\t<div class='gallery-icon portrait'>\n\t\t\t\t\t<a href='https:\/\/kiecza.net\/zumseeblick\/wp-content\/uploads\/2020\/11\/aussenbereich3.jpg' title='Aussenbereich' target='_self'><img loading=\"lazy\" decoding=\"async\" width=\"225\" height=\"300\" src=\"https:\/\/kiecza.net\/zumseeblick\/wp-content\/uploads\/2020\/11\/aussenbereich3-225x300.jpg\" class=\"attachment-medium size-medium\" alt=\"Aussenbereich\" data-attachment-id=\"148\" srcset=\"https:\/\/kiecza.net\/zumseeblick\/wp-content\/uploads\/2020\/11\/aussenbereich3-225x300.jpg 225w, https:\/\/kiecza.net\/zumseeblick\/wp-content\/uploads\/2020\/11\/aussenbereich3-250x333.jpg 250w, https:\/\/kiecza.net\/zumseeblick\/wp-content\/uploads\/2020\/11\/aussenbereich3-550x733.jpg 550w, https:\/\/kiecza.net\/zumseeblick\/wp-content\/uploads\/2020\/11\/aussenbereich3-135x180.jpg 135w, https:\/\/kiecza.net\/zumseeblick\/wp-content\/uploads\/2020\/11\/aussenbereich3-375x500.jpg 375w, https:\/\/kiecza.net\/zumseeblick\/wp-content\/uploads\/2020\/11\/aussenbereich3.jpg 768w\" sizes=\"auto, (max-width: 225px) 100vw, 225px\" \/><\/a>\n\t\t\t\t<\/div><\/div><div class='gallery-item gallery-item-position-4 gallery-item-attachment-149'>\n\t\t\t\t<div class='gallery-icon landscape'>\n\t\t\t\t\t<a href='https:\/\/kiecza.net\/zumseeblick\/wp-content\/uploads\/2020\/11\/grill.jpg' title='Grill' target='_self'><img loading=\"lazy\" decoding=\"async\" width=\"300\" height=\"200\" src=\"https:\/\/kiecza.net\/zumseeblick\/wp-content\/uploads\/2020\/11\/grill-300x200.jpg\" class=\"attachment-medium size-medium\" alt=\"Grill\" data-attachment-id=\"149\" srcset=\"https:\/\/kiecza.net\/zumseeblick\/wp-content\/uploads\/2020\/11\/grill-300x200.jpg 300w, https:\/\/kiecza.net\/zumseeblick\/wp-content\/uploads\/2020\/11\/grill-1024x681.jpg 1024w, https:\/\/kiecza.net\/zumseeblick\/wp-content\/uploads\/2020\/11\/grill-768x511.jpg 768w, https:\/\/kiecza.net\/zumseeblick\/wp-content\/uploads\/2020\/11\/grill-250x166.jpg 250w, https:\/\/kiecza.net\/zumseeblick\/wp-content\/uploads\/2020\/11\/grill-550x366.jpg 550w, https:\/\/kiecza.net\/zumseeblick\/wp-content\/uploads\/2020\/11\/grill-800x532.jpg 800w, https:\/\/kiecza.net\/zumseeblick\/wp-content\/uploads\/2020\/11\/grill-271x180.jpg 271w, https:\/\/kiecza.net\/zumseeblick\/wp-content\/uploads\/2020\/11\/grill-451x300.jpg 451w, https:\/\/kiecza.net\/zumseeblick\/wp-content\/uploads\/2020\/11\/grill-752x500.jpg 752w, https:\/\/kiecza.net\/zumseeblick\/wp-content\/uploads\/2020\/11\/grill.jpg 1200w\" sizes=\"auto, (max-width: 300px) 100vw, 300px\" \/><\/a>\n\t\t\t\t<\/div><\/div><div class='gallery-item gallery-item-position-5 gallery-item-attachment-150'>\n\t\t\t\t<div class='gallery-icon landscape'>\n\t\t\t\t\t<a href='https:\/\/kiecza.net\/zumseeblick\/wp-content\/uploads\/2020\/11\/Haus-2.jpg' title='Haus' target='_self'><img loading=\"lazy\" decoding=\"async\" width=\"300\" height=\"225\" src=\"https:\/\/kiecza.net\/zumseeblick\/wp-content\/uploads\/2020\/11\/Haus-2-300x225.jpg\" class=\"attachment-medium size-medium\" alt=\"Haus\" data-attachment-id=\"150\" srcset=\"https:\/\/kiecza.net\/zumseeblick\/wp-content\/uploads\/2020\/11\/Haus-2-300x225.jpg 300w, https:\/\/kiecza.net\/zumseeblick\/wp-content\/uploads\/2020\/11\/Haus-2-768x576.jpg 768w, https:\/\/kiecza.net\/zumseeblick\/wp-content\/uploads\/2020\/11\/Haus-2-250x188.jpg 250w, https:\/\/kiecza.net\/zumseeblick\/wp-content\/uploads\/2020\/11\/Haus-2-550x413.jpg 550w, https:\/\/kiecza.net\/zumseeblick\/wp-content\/uploads\/2020\/11\/Haus-2-800x600.jpg 800w, https:\/\/kiecza.net\/zumseeblick\/wp-content\/uploads\/2020\/11\/Haus-2-240x180.jpg 240w, https:\/\/kiecza.net\/zumseeblick\/wp-content\/uploads\/2020\/11\/Haus-2-400x300.jpg 400w, https:\/\/kiecza.net\/zumseeblick\/wp-content\/uploads\/2020\/11\/Haus-2-667x500.jpg 667w, https:\/\/kiecza.net\/zumseeblick\/wp-content\/uploads\/2020\/11\/Haus-2.jpg 1024w\" sizes=\"auto, (max-width: 300px) 100vw, 300px\" \/><\/a>\n\t\t\t\t<\/div><\/div><div class='gallery-item gallery-item-position-6 gallery-item-attachment-151'>\n\t\t\t\t<div class='gallery-icon landscape'>\n\t\t\t\t\t<a href='https:\/\/kiecza.net\/zumseeblick\/wp-content\/uploads\/2020\/11\/Haus2.jpg' title='Haus' target='_self'><img loading=\"lazy\" decoding=\"async\" width=\"300\" height=\"225\" src=\"https:\/\/kiecza.net\/zumseeblick\/wp-content\/uploads\/2020\/11\/Haus2-300x225.jpg\" class=\"attachment-medium size-medium\" alt=\"Haus\" data-attachment-id=\"151\" srcset=\"https:\/\/kiecza.net\/zumseeblick\/wp-content\/uploads\/2020\/11\/Haus2-300x225.jpg 300w, https:\/\/kiecza.net\/zumseeblick\/wp-content\/uploads\/2020\/11\/Haus2-1024x768.jpg 1024w, https:\/\/kiecza.net\/zumseeblick\/wp-content\/uploads\/2020\/11\/Haus2-768x576.jpg 768w, https:\/\/kiecza.net\/zumseeblick\/wp-content\/uploads\/2020\/11\/Haus2-250x188.jpg 250w, https:\/\/kiecza.net\/zumseeblick\/wp-content\/uploads\/2020\/11\/Haus2-550x413.jpg 550w, https:\/\/kiecza.net\/zumseeblick\/wp-content\/uploads\/2020\/11\/Haus2-800x600.jpg 800w, https:\/\/kiecza.net\/zumseeblick\/wp-content\/uploads\/2020\/11\/Haus2-240x180.jpg 240w, https:\/\/kiecza.net\/zumseeblick\/wp-content\/uploads\/2020\/11\/Haus2-400x300.jpg 400w, https:\/\/kiecza.net\/zumseeblick\/wp-content\/uploads\/2020\/11\/Haus2-667x500.jpg 667w, https:\/\/kiecza.net\/zumseeblick\/wp-content\/uploads\/2020\/11\/Haus2.jpg 1200w\" sizes=\"auto, (max-width: 300px) 100vw, 300px\" \/><\/a>\n\t\t\t\t<\/div><\/div><div class='gallery-item gallery-item-position-7 gallery-item-attachment-152'>\n\t\t\t\t<div class='gallery-icon portrait'>\n\t\t\t\t\t<a href='https:\/\/kiecza.net\/zumseeblick\/wp-content\/uploads\/2020\/11\/Haus3.jpg' title='Haus' target='_self'><img loading=\"lazy\" decoding=\"async\" width=\"225\" height=\"300\" src=\"https:\/\/kiecza.net\/zumseeblick\/wp-content\/uploads\/2020\/11\/Haus3-225x300.jpg\" class=\"attachment-medium size-medium\" alt=\"Haus\" data-attachment-id=\"152\" srcset=\"https:\/\/kiecza.net\/zumseeblick\/wp-content\/uploads\/2020\/11\/Haus3-225x300.jpg 225w, https:\/\/kiecza.net\/zumseeblick\/wp-content\/uploads\/2020\/11\/Haus3-768x1024.jpg 768w, https:\/\/kiecza.net\/zumseeblick\/wp-content\/uploads\/2020\/11\/Haus3-1152x1536.jpg 1152w, https:\/\/kiecza.net\/zumseeblick\/wp-content\/uploads\/2020\/11\/Haus3-250x333.jpg 250w, https:\/\/kiecza.net\/zumseeblick\/wp-content\/uploads\/2020\/11\/Haus3-550x733.jpg 550w, https:\/\/kiecza.net\/zumseeblick\/wp-content\/uploads\/2020\/11\/Haus3-800x1067.jpg 800w, https:\/\/kiecza.net\/zumseeblick\/wp-content\/uploads\/2020\/11\/Haus3-135x180.jpg 135w, https:\/\/kiecza.net\/zumseeblick\/wp-content\/uploads\/2020\/11\/Haus3-375x500.jpg 375w, https:\/\/kiecza.net\/zumseeblick\/wp-content\/uploads\/2020\/11\/Haus3.jpg 1200w\" sizes=\"auto, (max-width: 225px) 100vw, 225px\" \/><\/a>\n\t\t\t\t<\/div><\/div><div class='gallery-item gallery-item-position-8 gallery-item-attachment-153'>\n\t\t\t\t<div class='gallery-icon landscape'>\n\t\t\t\t\t<a href='https:\/\/kiecza.net\/zumseeblick\/wp-content\/uploads\/2020\/11\/Pergola-a.jpg' title='Sitzbereich' target='_self'><img loading=\"lazy\" decoding=\"async\" width=\"300\" height=\"200\" src=\"https:\/\/kiecza.net\/zumseeblick\/wp-content\/uploads\/2020\/11\/Pergola-a-300x200.jpg\" class=\"attachment-medium size-medium\" alt=\"Sitzbereich\" data-attachment-id=\"153\" srcset=\"https:\/\/kiecza.net\/zumseeblick\/wp-content\/uploads\/2020\/11\/Pergola-a-300x200.jpg 300w, https:\/\/kiecza.net\/zumseeblick\/wp-content\/uploads\/2020\/11\/Pergola-a-1024x683.jpg 1024w, https:\/\/kiecza.net\/zumseeblick\/wp-content\/uploads\/2020\/11\/Pergola-a-768x512.jpg 768w, https:\/\/kiecza.net\/zumseeblick\/wp-content\/uploads\/2020\/11\/Pergola-a-250x167.jpg 250w, https:\/\/kiecza.net\/zumseeblick\/wp-content\/uploads\/2020\/11\/Pergola-a-550x367.jpg 550w, https:\/\/kiecza.net\/zumseeblick\/wp-content\/uploads\/2020\/11\/Pergola-a-800x533.jpg 800w, https:\/\/kiecza.net\/zumseeblick\/wp-content\/uploads\/2020\/11\/Pergola-a-270x180.jpg 270w, https:\/\/kiecza.net\/zumseeblick\/wp-content\/uploads\/2020\/11\/Pergola-a-450x300.jpg 450w, https:\/\/kiecza.net\/zumseeblick\/wp-content\/uploads\/2020\/11\/Pergola-a-750x500.jpg 750w, https:\/\/kiecza.net\/zumseeblick\/wp-content\/uploads\/2020\/11\/Pergola-a.jpg 1200w\" sizes=\"auto, (max-width: 300px) 100vw, 300px\" \/><\/a>\n\t\t\t\t<\/div><\/div><div class='gallery-item gallery-item-position-9 gallery-item-attachment-154'>\n\t\t\t\t<div class='gallery-icon landscape'>\n\t\t\t\t\t<a href='https:\/\/kiecza.net\/zumseeblick\/wp-content\/uploads\/2020\/11\/Pergola-b.jpg' title='Sitzbereich' target='_self'><img loading=\"lazy\" decoding=\"async\" width=\"300\" height=\"200\" src=\"https:\/\/kiecza.net\/zumseeblick\/wp-content\/uploads\/2020\/11\/Pergola-b-300x200.jpg\" class=\"attachment-medium size-medium\" alt=\"Sitzbereich\" data-attachment-id=\"154\" srcset=\"https:\/\/kiecza.net\/zumseeblick\/wp-content\/uploads\/2020\/11\/Pergola-b-300x200.jpg 300w, https:\/\/kiecza.net\/zumseeblick\/wp-content\/uploads\/2020\/11\/Pergola-b-1024x682.jpg 1024w, https:\/\/kiecza.net\/zumseeblick\/wp-content\/uploads\/2020\/11\/Pergola-b-768x511.jpg 768w, https:\/\/kiecza.net\/zumseeblick\/wp-content\/uploads\/2020\/11\/Pergola-b-250x166.jpg 250w, https:\/\/kiecza.net\/zumseeblick\/wp-content\/uploads\/2020\/11\/Pergola-b-550x366.jpg 550w, https:\/\/kiecza.net\/zumseeblick\/wp-content\/uploads\/2020\/11\/Pergola-b-800x533.jpg 800w, https:\/\/kiecza.net\/zumseeblick\/wp-content\/uploads\/2020\/11\/Pergola-b-270x180.jpg 270w, https:\/\/kiecza.net\/zumseeblick\/wp-content\/uploads\/2020\/11\/Pergola-b-451x300.jpg 451w, https:\/\/kiecza.net\/zumseeblick\/wp-content\/uploads\/2020\/11\/Pergola-b-751x500.jpg 751w, https:\/\/kiecza.net\/zumseeblick\/wp-content\/uploads\/2020\/11\/Pergola-b.jpg 1200w\" sizes=\"auto, (max-width: 300px) 100vw, 300px\" \/><\/a>\n\t\t\t\t<\/div><\/div><div class='gallery-item gallery-item-position-10 gallery-item-attachment-155'>\n\t\t\t\t<div class='gallery-icon landscape'>\n\t\t\t\t\t<a href='https:\/\/kiecza.net\/zumseeblick\/wp-content\/uploads\/2020\/11\/tischtennis.jpg' title='Tischtennis' target='_self'><img loading=\"lazy\" decoding=\"async\" width=\"300\" height=\"220\" src=\"https:\/\/kiecza.net\/zumseeblick\/wp-content\/uploads\/2020\/11\/tischtennis-300x220.jpg\" class=\"attachment-medium size-medium\" alt=\"Tischtennis\" data-attachment-id=\"155\" srcset=\"https:\/\/kiecza.net\/zumseeblick\/wp-content\/uploads\/2020\/11\/tischtennis-300x220.jpg 300w, https:\/\/kiecza.net\/zumseeblick\/wp-content\/uploads\/2020\/11\/tischtennis-1024x750.jpg 1024w, https:\/\/kiecza.net\/zumseeblick\/wp-content\/uploads\/2020\/11\/tischtennis-768x563.jpg 768w, https:\/\/kiecza.net\/zumseeblick\/wp-content\/uploads\/2020\/11\/tischtennis-250x183.jpg 250w, https:\/\/kiecza.net\/zumseeblick\/wp-content\/uploads\/2020\/11\/tischtennis-550x403.jpg 550w, https:\/\/kiecza.net\/zumseeblick\/wp-content\/uploads\/2020\/11\/tischtennis-800x586.jpg 800w, https:\/\/kiecza.net\/zumseeblick\/wp-content\/uploads\/2020\/11\/tischtennis-246x180.jpg 246w, https:\/\/kiecza.net\/zumseeblick\/wp-content\/uploads\/2020\/11\/tischtennis-410x300.jpg 410w, https:\/\/kiecza.net\/zumseeblick\/wp-content\/uploads\/2020\/11\/tischtennis-683x500.jpg 683w, https:\/\/kiecza.net\/zumseeblick\/wp-content\/uploads\/2020\/11\/tischtennis.jpg 1204w\" sizes=\"auto, (max-width: 300px) 100vw, 300px\" \/><\/a>\n\t\t\t\t<\/div><\/div><\/div>\n<\/div>\n<\/div>\n<\/div>\n<\/div>\n<\/div>\n","protected":false},"excerpt":{"rendered":"<p>Als Mieter unserer Ferienwohnung haben Sie Zugriff auf einen&nbsp;gro\u00dfz\u00fcgigen Au\u00dfenbereich, der ihnen die folgenden M\u00f6glichkeiten bietet: Komplett umz\u00e4unter Hof bedeutet sicheres&nbsp;Spielvergn\u00fcgen&nbsp;f\u00fcr Kinder Grasbereich Tischtennisplatte \u00dcberdachte Sitzecke&nbsp;mit Grill Parkplatz&nbsp;f\u00fcr ihr Auto Garagenplatz (abschlie\u00dfbar) f\u00fcr Ihre Fahrr\u00e4der Verschaffen Sie sich mit den folgenden Bildern einen Eindruck des Au\u00dfenbereichs. Bitte klicken sie auf ein Foto f\u00fcr eine Gro\u00dfansicht:<\/p>\n","protected":false},"author":1,"featured_media":0,"parent":0,"menu_order":0,"comment_status":"closed","ping_status":"closed","template":"","meta":{"bgseo_title":"","bgseo_description":"","bgseo_robots_index":"index","bgseo_robots_follow":"follow","footnotes":""},"class_list":["post-51","page","type-page","status-publish"],"_links":{"self":[{"href":"https:\/\/kiecza.net\/zumseeblick\/wp-json\/wp\/v2\/pages\/51","targetHints":{"allow":["GET"]}}],"collection":[{"href":"https:\/\/kiecza.net\/zumseeblick\/wp-json\/wp\/v2\/pages"}],"about":[{"href":"https:\/\/kiecza.net\/zumseeblick\/wp-json\/wp\/v2\/types\/page"}],"author":[{"embeddable":true,"href":"https:\/\/kiecza.net\/zumseeblick\/wp-json\/wp\/v2\/users\/1"}],"replies":[{"embeddable":true,"href":"https:\/\/kiecza.net\/zumseeblick\/wp-json\/wp\/v2\/comments?post=51"}],"version-history":[{"count":6,"href":"https:\/\/kiecza.net\/zumseeblick\/wp-json\/wp\/v2\/pages\/51\/revisions"}],"predecessor-version":[{"id":201,"href":"https:\/\/kiecza.net\/zumseeblick\/wp-json\/wp\/v2\/pages\/51\/revisions\/201"}],"wp:attachment":[{"href":"https:\/\/kiecza.net\/zumseeblick\/wp-json\/wp\/v2\/media?parent=51"}],"curies":[{"name":"wp","href":"https:\/\/api.w.org\/{rel}","templated":true}]}}