{"id":50,"date":"2020-11-02T02:03:45","date_gmt":"2020-11-02T02:03:45","guid":{"rendered":"https:\/\/kiecza.net\/zumseeblick\/?page_id=50"},"modified":"2020-11-15T14:41:31","modified_gmt":"2020-11-15T14:41:31","slug":"wohnung","status":"publish","type":"page","link":"https:\/\/kiecza.net\/zumseeblick\/wohnung\/","title":{"rendered":"Wohnung"},"content":{"rendered":"<div class=\"boldgrid-section\">\n<div class=\"container\">\n<div class=\"row\">\n<div class=\"col-md-12 col-xs-12 col-sm-12\">\n<p class=\"\">Unsere Ferienwohnung befindet sich in ruhiger Lage im Dachgescho\u00df des Hauses. Durch zwei separate Schlafzimmer (2 Betten) und einen gro\u00dfz\u00fcgigen Au\u00dfenbereich ist die Wohnung sehr familienfreundlich. Weitere Eigenschaften:<\/p>\n<\/div>\n<\/div>\n<div class=\"row\">\n<div class=\"col-md-12 col-xs-12 col-sm-12\">\n<ul class=\"\">\n<li>Ruhige Lage<\/li>\n<li><strong>Saubere Nichtraucherwohnung<\/strong><\/li>\n<li>Wohnfl\u00e4che ca. 65 m\u00b2<\/li>\n<li>2 Schlafzimmer, 2 Betten<\/li>\n<li>Wohnzimmer, E\u00dfzimmer, <strong>K\u00fcche<\/strong> und Bad<\/li>\n<li><strong>Satellitenfernsehen<\/strong><\/li>\n<li>Kostenloses WLan<\/li>\n<\/ul>\n<\/div>\n<\/div>\n<div class=\"row\">\n<div class=\"col-md-12 col-xs-12 col-sm-12\">\n<p class=\"\" style=\"text-align: center;\"><strong>Haustiere nicht erlaubt<\/strong><\/p>\n<\/div>\n<\/div>\n<div class=\"row\">\n<div class=\"col-md-12 col-xs-12 col-sm-12\">\n<p class=\"\">Verschaffen Sie sich mit den folgenden Bildern einen Eindruck der Wohnung. Bitte klicken sie auf ein Foto f\u00fcr eine Gro\u00dfansicht:<\/p>\n<\/div>\n<\/div>\n<div class=\"row\">\n<div class=\"col-md-12 col-xs-12 col-sm-12\">\n<div class=\"wc-gallery\"><div id='gallery-1' data-gutter-width='5' data-columns='3' class='gallery wc-gallery-captions-hide gallery-link-file gallery-masonry galleryid-50 gallery-columns-3 gallery-size-large wc-gallery-bottomspace-default wc-gallery-clear'><div class='gallery-item gallery-item-position-1 gallery-item-attachment-135'>\n\t\t\t\t<div class='gallery-icon landscape'>\n\t\t\t\t\t<a href='https:\/\/kiecza.net\/zumseeblick\/wp-content\/uploads\/2020\/11\/Wohnbereich.jpg' title='Schlafzimmer' target='_self'><img loading=\"lazy\" decoding=\"async\" width=\"1024\" height=\"683\" src=\"https:\/\/kiecza.net\/zumseeblick\/wp-content\/uploads\/2020\/11\/Wohnbereich-1024x683.jpg\" class=\"attachment-large size-large\" alt=\"Schlafzimmer\" data-attachment-id=\"135\" srcset=\"https:\/\/kiecza.net\/zumseeblick\/wp-content\/uploads\/2020\/11\/Wohnbereich-1024x683.jpg 1024w, https:\/\/kiecza.net\/zumseeblick\/wp-content\/uploads\/2020\/11\/Wohnbereich-300x200.jpg 300w, https:\/\/kiecza.net\/zumseeblick\/wp-content\/uploads\/2020\/11\/Wohnbereich-768x512.jpg 768w, https:\/\/kiecza.net\/zumseeblick\/wp-content\/uploads\/2020\/11\/Wohnbereich-250x167.jpg 250w, https:\/\/kiecza.net\/zumseeblick\/wp-content\/uploads\/2020\/11\/Wohnbereich-550x367.jpg 550w, https:\/\/kiecza.net\/zumseeblick\/wp-content\/uploads\/2020\/11\/Wohnbereich-800x533.jpg 800w, https:\/\/kiecza.net\/zumseeblick\/wp-content\/uploads\/2020\/11\/Wohnbereich-270x180.jpg 270w, https:\/\/kiecza.net\/zumseeblick\/wp-content\/uploads\/2020\/11\/Wohnbereich-450x300.jpg 450w, https:\/\/kiecza.net\/zumseeblick\/wp-content\/uploads\/2020\/11\/Wohnbereich-750x500.jpg 750w, https:\/\/kiecza.net\/zumseeblick\/wp-content\/uploads\/2020\/11\/Wohnbereich.jpg 1200w\" sizes=\"auto, (max-width: 1024px) 100vw, 1024px\" \/><\/a>\n\t\t\t\t<\/div><\/div><div class='gallery-item gallery-item-position-2 gallery-item-attachment-136'>\n\t\t\t\t<div class='gallery-icon landscape'>\n\t\t\t\t\t<a href='https:\/\/kiecza.net\/zumseeblick\/wp-content\/uploads\/2020\/11\/Wohnzimmer-2.jpg' title='Wohnzimmer' target='_self'><img loading=\"lazy\" decoding=\"async\" width=\"1024\" height=\"683\" src=\"https:\/\/kiecza.net\/zumseeblick\/wp-content\/uploads\/2020\/11\/Wohnzimmer-2-1024x683.jpg\" class=\"attachment-large size-large\" alt=\"Wohnzimmer\" data-attachment-id=\"136\" srcset=\"https:\/\/kiecza.net\/zumseeblick\/wp-content\/uploads\/2020\/11\/Wohnzimmer-2-1024x683.jpg 1024w, https:\/\/kiecza.net\/zumseeblick\/wp-content\/uploads\/2020\/11\/Wohnzimmer-2-300x200.jpg 300w, https:\/\/kiecza.net\/zumseeblick\/wp-content\/uploads\/2020\/11\/Wohnzimmer-2-768x512.jpg 768w, https:\/\/kiecza.net\/zumseeblick\/wp-content\/uploads\/2020\/11\/Wohnzimmer-2-250x167.jpg 250w, https:\/\/kiecza.net\/zumseeblick\/wp-content\/uploads\/2020\/11\/Wohnzimmer-2-550x367.jpg 550w, https:\/\/kiecza.net\/zumseeblick\/wp-content\/uploads\/2020\/11\/Wohnzimmer-2-800x533.jpg 800w, https:\/\/kiecza.net\/zumseeblick\/wp-content\/uploads\/2020\/11\/Wohnzimmer-2-270x180.jpg 270w, https:\/\/kiecza.net\/zumseeblick\/wp-content\/uploads\/2020\/11\/Wohnzimmer-2-450x300.jpg 450w, https:\/\/kiecza.net\/zumseeblick\/wp-content\/uploads\/2020\/11\/Wohnzimmer-2-750x500.jpg 750w, https:\/\/kiecza.net\/zumseeblick\/wp-content\/uploads\/2020\/11\/Wohnzimmer-2.jpg 1200w\" sizes=\"auto, (max-width: 1024px) 100vw, 1024px\" \/><\/a>\n\t\t\t\t<\/div><\/div><div class='gallery-item gallery-item-position-3 gallery-item-attachment-128'>\n\t\t\t\t<div class='gallery-icon landscape'>\n\t\t\t\t\t<a href='https:\/\/kiecza.net\/zumseeblick\/wp-content\/uploads\/2020\/11\/Esszimmer.jpg' title='Esszimmer' target='_self'><img loading=\"lazy\" decoding=\"async\" width=\"1024\" height=\"768\" src=\"https:\/\/kiecza.net\/zumseeblick\/wp-content\/uploads\/2020\/11\/Esszimmer.jpg\" class=\"attachment-large size-large\" alt=\"Esszimmer\" data-attachment-id=\"128\" srcset=\"https:\/\/kiecza.net\/zumseeblick\/wp-content\/uploads\/2020\/11\/Esszimmer.jpg 1024w, https:\/\/kiecza.net\/zumseeblick\/wp-content\/uploads\/2020\/11\/Esszimmer-300x225.jpg 300w, https:\/\/kiecza.net\/zumseeblick\/wp-content\/uploads\/2020\/11\/Esszimmer-768x576.jpg 768w, https:\/\/kiecza.net\/zumseeblick\/wp-content\/uploads\/2020\/11\/Esszimmer-250x188.jpg 250w, https:\/\/kiecza.net\/zumseeblick\/wp-content\/uploads\/2020\/11\/Esszimmer-550x413.jpg 550w, https:\/\/kiecza.net\/zumseeblick\/wp-content\/uploads\/2020\/11\/Esszimmer-800x600.jpg 800w, https:\/\/kiecza.net\/zumseeblick\/wp-content\/uploads\/2020\/11\/Esszimmer-240x180.jpg 240w, https:\/\/kiecza.net\/zumseeblick\/wp-content\/uploads\/2020\/11\/Esszimmer-400x300.jpg 400w, https:\/\/kiecza.net\/zumseeblick\/wp-content\/uploads\/2020\/11\/Esszimmer-667x500.jpg 667w\" sizes=\"auto, (max-width: 1024px) 100vw, 1024px\" \/><\/a>\n\t\t\t\t<\/div><\/div><div class='gallery-item gallery-item-position-4 gallery-item-attachment-129'>\n\t\t\t\t<div class='gallery-icon landscape'>\n\t\t\t\t\t<a href='https:\/\/kiecza.net\/zumseeblick\/wp-content\/uploads\/2020\/11\/Esszimmer-1.jpg' title='Esszimmer' target='_self'><img loading=\"lazy\" decoding=\"async\" width=\"1024\" height=\"683\" src=\"https:\/\/kiecza.net\/zumseeblick\/wp-content\/uploads\/2020\/11\/Esszimmer-1-1024x683.jpg\" class=\"attachment-large size-large\" alt=\"Esszimmer\" data-attachment-id=\"129\" srcset=\"https:\/\/kiecza.net\/zumseeblick\/wp-content\/uploads\/2020\/11\/Esszimmer-1-1024x683.jpg 1024w, https:\/\/kiecza.net\/zumseeblick\/wp-content\/uploads\/2020\/11\/Esszimmer-1-300x200.jpg 300w, https:\/\/kiecza.net\/zumseeblick\/wp-content\/uploads\/2020\/11\/Esszimmer-1-768x512.jpg 768w, https:\/\/kiecza.net\/zumseeblick\/wp-content\/uploads\/2020\/11\/Esszimmer-1-250x167.jpg 250w, https:\/\/kiecza.net\/zumseeblick\/wp-content\/uploads\/2020\/11\/Esszimmer-1-550x367.jpg 550w, https:\/\/kiecza.net\/zumseeblick\/wp-content\/uploads\/2020\/11\/Esszimmer-1-800x533.jpg 800w, https:\/\/kiecza.net\/zumseeblick\/wp-content\/uploads\/2020\/11\/Esszimmer-1-270x180.jpg 270w, https:\/\/kiecza.net\/zumseeblick\/wp-content\/uploads\/2020\/11\/Esszimmer-1-450x300.jpg 450w, https:\/\/kiecza.net\/zumseeblick\/wp-content\/uploads\/2020\/11\/Esszimmer-1-750x500.jpg 750w, https:\/\/kiecza.net\/zumseeblick\/wp-content\/uploads\/2020\/11\/Esszimmer-1.jpg 1200w\" sizes=\"auto, (max-width: 1024px) 100vw, 1024px\" \/><\/a>\n\t\t\t\t<\/div><\/div><div class='gallery-item gallery-item-position-5 gallery-item-attachment-130'>\n\t\t\t\t<div class='gallery-icon landscape'>\n\t\t\t\t\t<a href='https:\/\/kiecza.net\/zumseeblick\/wp-content\/uploads\/2020\/11\/Esszimmer4.jpg' title='Esszimmer' target='_self'><img loading=\"lazy\" decoding=\"async\" width=\"1024\" height=\"681\" src=\"https:\/\/kiecza.net\/zumseeblick\/wp-content\/uploads\/2020\/11\/Esszimmer4.jpg\" class=\"attachment-large size-large\" alt=\"Esszimmer\" data-attachment-id=\"130\" srcset=\"https:\/\/kiecza.net\/zumseeblick\/wp-content\/uploads\/2020\/11\/Esszimmer4.jpg 1024w, https:\/\/kiecza.net\/zumseeblick\/wp-content\/uploads\/2020\/11\/Esszimmer4-300x200.jpg 300w, https:\/\/kiecza.net\/zumseeblick\/wp-content\/uploads\/2020\/11\/Esszimmer4-768x511.jpg 768w, https:\/\/kiecza.net\/zumseeblick\/wp-content\/uploads\/2020\/11\/Esszimmer4-250x166.jpg 250w, https:\/\/kiecza.net\/zumseeblick\/wp-content\/uploads\/2020\/11\/Esszimmer4-550x366.jpg 550w, https:\/\/kiecza.net\/zumseeblick\/wp-content\/uploads\/2020\/11\/Esszimmer4-800x532.jpg 800w, https:\/\/kiecza.net\/zumseeblick\/wp-content\/uploads\/2020\/11\/Esszimmer4-271x180.jpg 271w, https:\/\/kiecza.net\/zumseeblick\/wp-content\/uploads\/2020\/11\/Esszimmer4-451x300.jpg 451w, https:\/\/kiecza.net\/zumseeblick\/wp-content\/uploads\/2020\/11\/Esszimmer4-752x500.jpg 752w\" sizes=\"auto, (max-width: 1024px) 100vw, 1024px\" \/><\/a>\n\t\t\t\t<\/div><\/div><div class='gallery-item gallery-item-position-6 gallery-item-attachment-132'>\n\t\t\t\t<div class='gallery-icon portrait'>\n\t\t\t\t\t<a href='https:\/\/kiecza.net\/zumseeblick\/wp-content\/uploads\/2020\/11\/Kueche-b.jpg' title='Kueche' target='_self'><img loading=\"lazy\" decoding=\"async\" width=\"683\" height=\"1024\" src=\"https:\/\/kiecza.net\/zumseeblick\/wp-content\/uploads\/2020\/11\/Kueche-b-683x1024.jpg\" class=\"attachment-large size-large\" alt=\"Kueche\" data-attachment-id=\"132\" srcset=\"https:\/\/kiecza.net\/zumseeblick\/wp-content\/uploads\/2020\/11\/Kueche-b-683x1024.jpg 683w, https:\/\/kiecza.net\/zumseeblick\/wp-content\/uploads\/2020\/11\/Kueche-b-200x300.jpg 200w, https:\/\/kiecza.net\/zumseeblick\/wp-content\/uploads\/2020\/11\/Kueche-b-768x1152.jpg 768w, https:\/\/kiecza.net\/zumseeblick\/wp-content\/uploads\/2020\/11\/Kueche-b-250x375.jpg 250w, https:\/\/kiecza.net\/zumseeblick\/wp-content\/uploads\/2020\/11\/Kueche-b-550x825.jpg 550w, https:\/\/kiecza.net\/zumseeblick\/wp-content\/uploads\/2020\/11\/Kueche-b-120x180.jpg 120w, https:\/\/kiecza.net\/zumseeblick\/wp-content\/uploads\/2020\/11\/Kueche-b-333x500.jpg 333w, https:\/\/kiecza.net\/zumseeblick\/wp-content\/uploads\/2020\/11\/Kueche-b.jpg 800w\" sizes=\"auto, (max-width: 683px) 100vw, 683px\" \/><\/a>\n\t\t\t\t<\/div><\/div><div class='gallery-item gallery-item-position-7 gallery-item-attachment-131'>\n\t\t\t\t<div class='gallery-icon landscape'>\n\t\t\t\t\t<a href='https:\/\/kiecza.net\/zumseeblick\/wp-content\/uploads\/2020\/11\/Kueche-a.jpg' title='Kueche' target='_self'><img loading=\"lazy\" decoding=\"async\" width=\"1024\" height=\"683\" src=\"https:\/\/kiecza.net\/zumseeblick\/wp-content\/uploads\/2020\/11\/Kueche-a-1024x683.jpg\" class=\"attachment-large size-large\" alt=\"Kueche\" data-attachment-id=\"131\" srcset=\"https:\/\/kiecza.net\/zumseeblick\/wp-content\/uploads\/2020\/11\/Kueche-a-1024x683.jpg 1024w, https:\/\/kiecza.net\/zumseeblick\/wp-content\/uploads\/2020\/11\/Kueche-a-300x200.jpg 300w, https:\/\/kiecza.net\/zumseeblick\/wp-content\/uploads\/2020\/11\/Kueche-a-768x512.jpg 768w, https:\/\/kiecza.net\/zumseeblick\/wp-content\/uploads\/2020\/11\/Kueche-a-250x167.jpg 250w, https:\/\/kiecza.net\/zumseeblick\/wp-content\/uploads\/2020\/11\/Kueche-a-550x367.jpg 550w, https:\/\/kiecza.net\/zumseeblick\/wp-content\/uploads\/2020\/11\/Kueche-a-800x533.jpg 800w, https:\/\/kiecza.net\/zumseeblick\/wp-content\/uploads\/2020\/11\/Kueche-a-270x180.jpg 270w, https:\/\/kiecza.net\/zumseeblick\/wp-content\/uploads\/2020\/11\/Kueche-a-450x300.jpg 450w, https:\/\/kiecza.net\/zumseeblick\/wp-content\/uploads\/2020\/11\/Kueche-a-750x500.jpg 750w, https:\/\/kiecza.net\/zumseeblick\/wp-content\/uploads\/2020\/11\/Kueche-a.jpg 1200w\" sizes=\"auto, (max-width: 1024px) 100vw, 1024px\" \/><\/a>\n\t\t\t\t<\/div><\/div><div class='gallery-item gallery-item-position-8 gallery-item-attachment-127'>\n\t\t\t\t<div class='gallery-icon portrait'>\n\t\t\t\t\t<a href='https:\/\/kiecza.net\/zumseeblick\/wp-content\/uploads\/2020\/11\/Bad.jpg' title='Bad' target='_self'><img loading=\"lazy\" decoding=\"async\" width=\"768\" height=\"1024\" src=\"https:\/\/kiecza.net\/zumseeblick\/wp-content\/uploads\/2020\/11\/Bad.jpg\" class=\"attachment-large size-large\" alt=\"Bad\" data-attachment-id=\"127\" srcset=\"https:\/\/kiecza.net\/zumseeblick\/wp-content\/uploads\/2020\/11\/Bad.jpg 768w, https:\/\/kiecza.net\/zumseeblick\/wp-content\/uploads\/2020\/11\/Bad-225x300.jpg 225w, https:\/\/kiecza.net\/zumseeblick\/wp-content\/uploads\/2020\/11\/Bad-250x333.jpg 250w, https:\/\/kiecza.net\/zumseeblick\/wp-content\/uploads\/2020\/11\/Bad-550x733.jpg 550w, https:\/\/kiecza.net\/zumseeblick\/wp-content\/uploads\/2020\/11\/Bad-135x180.jpg 135w, https:\/\/kiecza.net\/zumseeblick\/wp-content\/uploads\/2020\/11\/Bad-375x500.jpg 375w\" sizes=\"auto, (max-width: 768px) 100vw, 768px\" \/><\/a>\n\t\t\t\t<\/div><\/div><div class='gallery-item gallery-item-position-9 gallery-item-attachment-133'>\n\t\t\t\t<div class='gallery-icon landscape'>\n\t\t\t\t\t<a href='https:\/\/kiecza.net\/zumseeblick\/wp-content\/uploads\/2020\/11\/Schlafzimmer-1.jpg' title='Schlafzimmer' target='_self'><img loading=\"lazy\" decoding=\"async\" width=\"1024\" height=\"683\" src=\"https:\/\/kiecza.net\/zumseeblick\/wp-content\/uploads\/2020\/11\/Schlafzimmer-1-1024x683.jpg\" class=\"attachment-large size-large\" alt=\"Schlafzimmer\" data-attachment-id=\"133\" srcset=\"https:\/\/kiecza.net\/zumseeblick\/wp-content\/uploads\/2020\/11\/Schlafzimmer-1-1024x683.jpg 1024w, https:\/\/kiecza.net\/zumseeblick\/wp-content\/uploads\/2020\/11\/Schlafzimmer-1-300x200.jpg 300w, https:\/\/kiecza.net\/zumseeblick\/wp-content\/uploads\/2020\/11\/Schlafzimmer-1-768x512.jpg 768w, https:\/\/kiecza.net\/zumseeblick\/wp-content\/uploads\/2020\/11\/Schlafzimmer-1-250x167.jpg 250w, https:\/\/kiecza.net\/zumseeblick\/wp-content\/uploads\/2020\/11\/Schlafzimmer-1-550x367.jpg 550w, https:\/\/kiecza.net\/zumseeblick\/wp-content\/uploads\/2020\/11\/Schlafzimmer-1-800x533.jpg 800w, https:\/\/kiecza.net\/zumseeblick\/wp-content\/uploads\/2020\/11\/Schlafzimmer-1-270x180.jpg 270w, https:\/\/kiecza.net\/zumseeblick\/wp-content\/uploads\/2020\/11\/Schlafzimmer-1-450x300.jpg 450w, https:\/\/kiecza.net\/zumseeblick\/wp-content\/uploads\/2020\/11\/Schlafzimmer-1-750x500.jpg 750w, https:\/\/kiecza.net\/zumseeblick\/wp-content\/uploads\/2020\/11\/Schlafzimmer-1.jpg 1200w\" sizes=\"auto, (max-width: 1024px) 100vw, 1024px\" \/><\/a>\n\t\t\t\t<\/div><\/div><div class='gallery-item gallery-item-position-10 gallery-item-attachment-134'>\n\t\t\t\t<div class='gallery-icon landscape'>\n\t\t\t\t\t<a href='https:\/\/kiecza.net\/zumseeblick\/wp-content\/uploads\/2020\/11\/Schlafzimmer-2.jpg' title='Schlafzimmer' target='_self'><img loading=\"lazy\" decoding=\"async\" width=\"1024\" height=\"683\" src=\"https:\/\/kiecza.net\/zumseeblick\/wp-content\/uploads\/2020\/11\/Schlafzimmer-2-1024x683.jpg\" class=\"attachment-large size-large\" alt=\"Schlafzimmer\" data-attachment-id=\"134\" srcset=\"https:\/\/kiecza.net\/zumseeblick\/wp-content\/uploads\/2020\/11\/Schlafzimmer-2-1024x683.jpg 1024w, https:\/\/kiecza.net\/zumseeblick\/wp-content\/uploads\/2020\/11\/Schlafzimmer-2-300x200.jpg 300w, https:\/\/kiecza.net\/zumseeblick\/wp-content\/uploads\/2020\/11\/Schlafzimmer-2-768x512.jpg 768w, https:\/\/kiecza.net\/zumseeblick\/wp-content\/uploads\/2020\/11\/Schlafzimmer-2-250x167.jpg 250w, https:\/\/kiecza.net\/zumseeblick\/wp-content\/uploads\/2020\/11\/Schlafzimmer-2-550x367.jpg 550w, https:\/\/kiecza.net\/zumseeblick\/wp-content\/uploads\/2020\/11\/Schlafzimmer-2-800x533.jpg 800w, https:\/\/kiecza.net\/zumseeblick\/wp-content\/uploads\/2020\/11\/Schlafzimmer-2-270x180.jpg 270w, https:\/\/kiecza.net\/zumseeblick\/wp-content\/uploads\/2020\/11\/Schlafzimmer-2-450x300.jpg 450w, https:\/\/kiecza.net\/zumseeblick\/wp-content\/uploads\/2020\/11\/Schlafzimmer-2-750x500.jpg 750w, https:\/\/kiecza.net\/zumseeblick\/wp-content\/uploads\/2020\/11\/Schlafzimmer-2.jpg 1200w\" sizes=\"auto, (max-width: 1024px) 100vw, 1024px\" \/><\/a>\n\t\t\t\t<\/div><\/div><\/div>\n<\/div>\n<\/div>\n<\/div>\n<\/div>\n<\/div>\n","protected":false},"excerpt":{"rendered":"<p>Unsere Ferienwohnung befindet sich in ruhiger Lage im Dachgescho\u00df des Hauses. Durch zwei separate Schlafzimmer (2 Betten) und einen gro\u00dfz\u00fcgigen Au\u00dfenbereich ist die Wohnung sehr familienfreundlich. Weitere Eigenschaften: Ruhige Lage Saubere Nichtraucherwohnung Wohnfl\u00e4che ca. 65 m\u00b2 2 Schlafzimmer, 2 Betten Wohnzimmer, E\u00dfzimmer, K\u00fcche und Bad Satellitenfernsehen Kostenloses WLan Haustiere nicht erlaubt Verschaffen Sie sich mit [&hellip;]<\/p>\n","protected":false},"author":1,"featured_media":0,"parent":0,"menu_order":0,"comment_status":"closed","ping_status":"closed","template":"","meta":{"bgseo_title":"","bgseo_description":"","bgseo_robots_index":"index","bgseo_robots_follow":"follow","footnotes":""},"class_list":["post-50","page","type-page","status-publish"],"_links":{"self":[{"href":"https:\/\/kiecza.net\/zumseeblick\/wp-json\/wp\/v2\/pages\/50","targetHints":{"allow":["GET"]}}],"collection":[{"href":"https:\/\/kiecza.net\/zumseeblick\/wp-json\/wp\/v2\/pages"}],"about":[{"href":"https:\/\/kiecza.net\/zumseeblick\/wp-json\/wp\/v2\/types\/page"}],"author":[{"embeddable":true,"href":"https:\/\/kiecza.net\/zumseeblick\/wp-json\/wp\/v2\/users\/1"}],"replies":[{"embeddable":true,"href":"https:\/\/kiecza.net\/zumseeblick\/wp-json\/wp\/v2\/comments?post=50"}],"version-history":[{"count":10,"href":"https:\/\/kiecza.net\/zumseeblick\/wp-json\/wp\/v2\/pages\/50\/revisions"}],"predecessor-version":[{"id":200,"href":"https:\/\/kiecza.net\/zumseeblick\/wp-json\/wp\/v2\/pages\/50\/revisions\/200"}],"wp:attachment":[{"href":"https:\/\/kiecza.net\/zumseeblick\/wp-json\/wp\/v2\/media?parent=50"}],"curies":[{"name":"wp","href":"https:\/\/api.w.org\/{rel}","templated":true}]}}