{"id":11,"date":"2020-11-02T01:39:17","date_gmt":"2020-11-02T01:39:17","guid":{"rendered":"https:\/\/kiecza.net\/zumseeblick\/contact-us\/"},"modified":"2020-11-10T02:50:04","modified_gmt":"2020-11-10T02:50:04","slug":"kontakt","status":"publish","type":"page","link":"https:\/\/kiecza.net\/zumseeblick\/kontakt\/","title":{"rendered":"Kontakt und Impressum"},"content":{"rendered":"<div class=\"boldgrid-section\" data-imhwpb-asset-id=\"836814\">\n<div class=\"container\"><strong>Kontakt<\/strong><\/div>\n<\/div>\n<div class=\"boldgrid-section\">\n<div class=\"container\">\n<p class=\"\">Margarete und Ulrich Kiecza<br \/>\nH\u00f6ristra\u00dfe 13<br \/>\n78337 \u00d6hningen<br \/>\nTelefon: 07735 \/ 97166<br \/>\nEmail: margarete AT kiecza.eu (bitte das AT durch @ ersetzen)<\/p>\n<p class=\"\">&nbsp;<\/p>\n<p class=\"\"><strong>Inhaltlich Veranwortliche nach 6 MDStV<\/strong><\/p>\n<p class=\"\">Margarete und Ulrich Kiecza<br \/>\nH\u00f6ristra\u00dfe 13<br \/>\n78337 \u00d6hningen<\/p>\n<p class=\"\">&nbsp;<\/p>\n<p class=\"\"><strong>Haftungshinweis<\/strong><\/p>\n<p class=\"\">Trotz sorgf\u00e4ltiger inhaltlicher Kontrolle \u00fcbernehmen wir keine Haftung f\u00fcr die Inhalte externer Links. F\u00fcr den Inhalt der verlinkten Seiten sind ausschlie\u00dflich deren Betreiber verantwortlich.<\/p>\n<\/div>\n<\/div>\n","protected":false},"excerpt":{"rendered":"<p>Kontakt Margarete und Ulrich Kiecza H\u00f6ristra\u00dfe 13 78337 \u00d6hningen Telefon: 07735 \/ 97166 Email: margarete AT kiecza.eu (bitte das AT durch @ ersetzen) &nbsp; Inhaltlich Veranwortliche nach 6 MDStV Margarete und Ulrich Kiecza H\u00f6ristra\u00dfe 13 78337 \u00d6hningen &nbsp; Haftungshinweis Trotz sorgf\u00e4ltiger inhaltlicher Kontrolle \u00fcbernehmen wir keine Haftung f\u00fcr die Inhalte externer Links. F\u00fcr den Inhalt [&hellip;]<\/p>\n","protected":false},"author":1,"featured_media":0,"parent":0,"menu_order":0,"comment_status":"closed","ping_status":"closed","template":"","meta":{"bgseo_title":"","bgseo_description":"","bgseo_robots_index":"index","bgseo_robots_follow":"follow","footnotes":""},"class_list":["post-11","page","type-page","status-publish"],"_links":{"self":[{"href":"https:\/\/kiecza.net\/zumseeblick\/wp-json\/wp\/v2\/pages\/11","targetHints":{"allow":["GET"]}}],"collection":[{"href":"https:\/\/kiecza.net\/zumseeblick\/wp-json\/wp\/v2\/pages"}],"about":[{"href":"https:\/\/kiecza.net\/zumseeblick\/wp-json\/wp\/v2\/types\/page"}],"author":[{"embeddable":true,"href":"https:\/\/kiecza.net\/zumseeblick\/wp-json\/wp\/v2\/users\/1"}],"replies":[{"embeddable":true,"href":"https:\/\/kiecza.net\/zumseeblick\/wp-json\/wp\/v2\/comments?post=11"}],"version-history":[{"count":6,"href":"https:\/\/kiecza.net\/zumseeblick\/wp-json\/wp\/v2\/pages\/11\/revisions"}],"predecessor-version":[{"id":121,"href":"https:\/\/kiecza.net\/zumseeblick\/wp-json\/wp\/v2\/pages\/11\/revisions\/121"}],"wp:attachment":[{"href":"https:\/\/kiecza.net\/zumseeblick\/wp-json\/wp\/v2\/media?parent=11"}],"curies":[{"name":"wp","href":"https:\/\/api.w.org\/{rel}","templated":true}]}}